{"id":173,"date":"2020-06-02T10:50:40","date_gmt":"2020-06-02T10:50:40","guid":{"rendered":"http:\/\/www.kzrc.cz\/?page_id=173"},"modified":"2026-04-27T10:01:57","modified_gmt":"2026-04-27T10:01:57","slug":"cenik","status":"publish","type":"page","link":"http:\/\/www.kzrc.cz\/index.php\/cenik\/","title":{"rendered":"Cen\u00edk"},"content":{"rendered":"\n<p><strong>KRABI\u010cKY KZRC<\/strong><\/p>\n\n\n\n<p><strong>Celodenn\u00ed:<\/strong><\/p>\n\n\n\n<ul class=\"wp-block-list\">\n<li>Porce\u00a0 6000 &#8211; 9000kj\u00a0\u00a0\u00a0\u00a0\u00a0\u00a0\u00a0\u00a0\u00a0\u00a0\u00a0\u00a0\u00a0\u00a0\u00a0\u00a0\u00a0\u00a0\u00a0\u00a0 290,-  za denn\u00ed menu<\/li>\n<\/ul>\n\n\n\n<ul class=\"wp-block-list\">\n<li>Porce 10000-12000kj\u00a0\u00a0\u00a0\u00a0\u00a0\u00a0\u00a0\u00a0\u00a0\u00a0\u00a0\u00a0\u00a0\u00a0\u00a0\u00a0    320,-  za denn\u00ed menu<\/li>\n<\/ul>\n\n\n\n<ul class=\"wp-block-list\">\n<li>Porce nad 12000kj\u00a0\u00a0\u00a0\u00a0\u00a0\u00a0\u00a0\u00a0\u00a0\u00a0\u00a0\u00a0\u00a0\u00a0\u00a0\u00a0\u00a0\u00a0\u00a0\u00a0\u00a0 individu\u00e1ln\u011b dle dohody<\/li>\n<\/ul>\n\n\n\n<p><strong>Hlavn\u00ed chody:<\/strong><\/p>\n\n\n\n<ul class=\"wp-block-list\">\n<li>T\u0159\u00edchodov\u00e9 menu\u00a0\u00a0\u00a0\u00a0\u00a0\u00a0\u00a0\u00a0\u00a0\u00a0\u00a0\u00a0 \u00a0\u00a0\u00a0\u00a0\u00a0\u00a0\u00a0\u00a0\u00a0\u00a0230,- za denn\u00ed menu<\/li>\n<\/ul>\n\n\n\n<p><\/p>\n\n\n\n<p>Doprava zdarma!<\/p>\n\n\n\n<p>______________________________________________________________________________<\/p>\n\n\n\n<p><strong>CATERING<\/strong><\/p>\n\n\n\n<p>Nacen\u011bn\u00ed cateringu prob\u00edh\u00e1 v\u017edy individu\u00e1ln\u011b na z\u00e1klad\u011b po\u017eadavk\u016f z\u00e1kazn\u00edka.<\/p>\n\n\n\n<p>______________________________________________________________________________<\/p>\n\n\n\n<p><strong>KAM JEZD\u00cdME<\/strong><\/p>\n\n\n\n<p>Plze\u0148, Rokycany, Kralovice, Ho\u0159ovice, Zdice, Kr\u00e1l\u016fv dv\u016fr, Beroun a bl\u00edzk\u00e1 okol\u00ed t\u011bchto m\u011bst.<\/p>\n\n\n\n<p>M\u00edsta doru\u010den\u00ed mimo tato m\u011bsta je v\u017edy nutn\u00e9 individu\u00e1ln\u011b domluvit p\u0159ed potvrzen\u00edm objedn\u00e1vky.<\/p>\n\n\n\n<p>Vzhledem k&nbsp;n\u00e1vaznosti trasy nen\u00ed mo\u017en\u00e9 vyhov\u011bt individu\u00e1ln\u00edm po\u017eadavk\u016fm na dobu doru\u010den\u00ed.<\/p>\n","protected":false},"excerpt":{"rendered":"<p>KRABI\u010cKY KZRC Celodenn\u00ed: Hlavn\u00ed chody: Doprava zdarma! ______________________________________________________________________________ CATERING Nacen\u011bn\u00ed cateringu prob\u00edh\u00e1 v\u017edy individu\u00e1ln\u011b na z\u00e1klad\u011b po\u017eadavk\u016f z\u00e1kazn\u00edka. ______________________________________________________________________________ KAM JEZD\u00cdME Plze\u0148, Rokycany, Kralovice, Ho\u0159ovice, Zdice, Kr\u00e1l\u016fv dv\u016fr, Beroun a bl\u00edzk\u00e1 okol\u00ed t\u011bchto m\u011bst. M\u00edsta doru\u010den\u00ed mimo tato m\u011bsta je v\u017edy nutn\u00e9 individu\u00e1ln\u011b domluvit p\u0159ed potvrzen\u00edm objedn\u00e1vky. Vzhledem k&nbsp;n\u00e1vaznosti trasy nen\u00ed mo\u017en\u00e9 vyhov\u011bt individu\u00e1ln\u00edm po\u017eadavk\u016fm <span class=\"spf-read-more\"><a class=\"spf-link-more\" href=\"http:\/\/www.kzrc.cz\/index.php\/cenik\/\" title=\"Read moreCen\u00edk\">Read more<\/a><\/span><\/p>\n","protected":false},"author":1,"featured_media":0,"parent":0,"menu_order":0,"comment_status":"closed","ping_status":"closed","template":"","meta":{"footnotes":""},"class_list":["post-173","page","type-page","status-publish","hentry"],"_links":{"self":[{"href":"http:\/\/www.kzrc.cz\/index.php\/wp-json\/wp\/v2\/pages\/173","targetHints":{"allow":["GET"]}}],"collection":[{"href":"http:\/\/www.kzrc.cz\/index.php\/wp-json\/wp\/v2\/pages"}],"about":[{"href":"http:\/\/www.kzrc.cz\/index.php\/wp-json\/wp\/v2\/types\/page"}],"author":[{"embeddable":true,"href":"http:\/\/www.kzrc.cz\/index.php\/wp-json\/wp\/v2\/users\/1"}],"replies":[{"embeddable":true,"href":"http:\/\/www.kzrc.cz\/index.php\/wp-json\/wp\/v2\/comments?post=173"}],"version-history":[{"count":7,"href":"http:\/\/www.kzrc.cz\/index.php\/wp-json\/wp\/v2\/pages\/173\/revisions"}],"predecessor-version":[{"id":213,"href":"http:\/\/www.kzrc.cz\/index.php\/wp-json\/wp\/v2\/pages\/173\/revisions\/213"}],"wp:attachment":[{"href":"http:\/\/www.kzrc.cz\/index.php\/wp-json\/wp\/v2\/media?parent=173"}],"curies":[{"name":"wp","href":"https:\/\/api.w.org\/{rel}","templated":true}]}}