{"id":25,"date":"2019-02-19T08:45:48","date_gmt":"2019-02-19T08:45:48","guid":{"rendered":"http:\/\/www.kzrc.cz\/?page_id=25"},"modified":"2020-06-10T07:37:14","modified_gmt":"2020-06-10T07:37:14","slug":"nase-krabicky","status":"publish","type":"page","link":"http:\/\/www.kzrc.cz\/index.php\/nase-krabicky\/","title":{"rendered":"Na\u0161e Slu\u017eby"},"content":{"rendered":"\n<h4 class=\"wp-block-heading\"><strong>KZRC KRABI\u010cKY<\/strong><\/h4>\n\n\n\n<p>Nab\u00edz\u00edme n\u00e1sleduj\u00edc\u00ed varianty:<\/p>\n\n\n\n<p>______________________________________________________________________________<\/p>\n\n\n\n<p><strong>Na cel\u00fd den<\/strong>: sn\u00eddan\u011b, dop.sva\u010dina, ob\u011bd, odp.sva\u010dina, ve\u010de\u0159e<\/p>\n\n\n\n<ul class=\"wp-block-list\"><li><strong>Varianta \u017eena<\/strong>: denn\u00ed energetick\u00fd p\u0159\u00edjem 6000-6400kj<\/li><\/ul>\n\n\n\n<ul class=\"wp-block-list\"><li><strong>Varianta mu\u017e<\/strong>: denn\u00ed energetick\u00fd p\u0159\u00edjem 7000-7500kj<\/li><\/ul>\n\n\n\n<ul class=\"wp-block-list\"><li><strong>Varianta individu\u00e1l<\/strong>: denn\u00ed energetick\u00fd p\u0159\u00edjem dle konkr\u00e9tn\u00edho po\u017eadavku na velikost porce<\/li><\/ul>\n\n\n\n<p>______________________________________________________________________________<\/p>\n\n\n\n<p><strong>Hlavn\u00ed chody<\/strong> : sn\u00eddan\u011b, ob\u011bd, ve\u010de\u0159e<\/p>\n\n\n\n<p>&nbsp; Energetick\u00fd p\u0159\u00edjem dle aktu\u00e1ln\u00edho slo\u017een\u00ed chod\u016f<\/p>\n\n\n\n<p>______________________________________________________________________________<\/p>\n\n\n\n<p><strong>Jednotliv\u00e9 chody<\/strong> : dle v\u00fdb\u011bru<\/p>\n\n\n\n<p>&nbsp;Energetick\u00fd p\u0159\u00edjem dle vybran\u00e9ho chodu<\/p>\n\n\n\n<p>______________________________________________________________________________<\/p>\n\n\n\n<h4 class=\"wp-block-heading\"><strong>CATERING KZRC<\/strong><\/h4>\n\n\n\n<ul class=\"wp-block-list\"><li>Nab\u00edz\u00edme catering pro rauty, firemn\u00ed prezentace, soukrom\u00e9 oslavy, sportovn\u00ed akce.<\/li><\/ul>\n\n\n\n<ul class=\"wp-block-list\"><li>Zajist\u00edme u V\u00e1s v\u010detn\u011b invent\u00e1\u0159e<\/li><\/ul>\n\n\n\n<ul class=\"wp-block-list\"><li>Zajist\u00edme u n\u00e1s v&nbsp;na\u0161em prostoru v&nbsp;centru Plzn\u011b -realizace dle Va\u0161ich po\u017eadavk\u016f na m\u00edru<\/li><\/ul>\n","protected":false},"excerpt":{"rendered":"<p>KZRC KRABI\u010cKY Nab\u00edz\u00edme n\u00e1sleduj\u00edc\u00ed varianty: ______________________________________________________________________________ Na cel\u00fd den: sn\u00eddan\u011b, dop.sva\u010dina, ob\u011bd, odp.sva\u010dina, ve\u010de\u0159e Varianta \u017eena: denn\u00ed energetick\u00fd p\u0159\u00edjem 6000-6400kj Varianta mu\u017e: denn\u00ed energetick\u00fd p\u0159\u00edjem 7000-7500kj Varianta individu\u00e1l: denn\u00ed energetick\u00fd p\u0159\u00edjem dle konkr\u00e9tn\u00edho po\u017eadavku na velikost porce ______________________________________________________________________________ Hlavn\u00ed chody : sn\u00eddan\u011b, ob\u011bd, ve\u010de\u0159e &nbsp; Energetick\u00fd p\u0159\u00edjem dle aktu\u00e1ln\u00edho slo\u017een\u00ed chod\u016f ______________________________________________________________________________ Jednotliv\u00e9 chody : <span class=\"spf-read-more\"><a class=\"spf-link-more\" href=\"http:\/\/www.kzrc.cz\/index.php\/nase-krabicky\/\" title=\"Read moreNa\u0161e Slu\u017eby\">Read more<\/a><\/span><\/p>\n","protected":false},"author":1,"featured_media":0,"parent":0,"menu_order":0,"comment_status":"closed","ping_status":"closed","template":"","meta":{"footnotes":""},"class_list":["post-25","page","type-page","status-publish","hentry"],"_links":{"self":[{"href":"http:\/\/www.kzrc.cz\/index.php\/wp-json\/wp\/v2\/pages\/25","targetHints":{"allow":["GET"]}}],"collection":[{"href":"http:\/\/www.kzrc.cz\/index.php\/wp-json\/wp\/v2\/pages"}],"about":[{"href":"http:\/\/www.kzrc.cz\/index.php\/wp-json\/wp\/v2\/types\/page"}],"author":[{"embeddable":true,"href":"http:\/\/www.kzrc.cz\/index.php\/wp-json\/wp\/v2\/users\/1"}],"replies":[{"embeddable":true,"href":"http:\/\/www.kzrc.cz\/index.php\/wp-json\/wp\/v2\/comments?post=25"}],"version-history":[{"count":7,"href":"http:\/\/www.kzrc.cz\/index.php\/wp-json\/wp\/v2\/pages\/25\/revisions"}],"predecessor-version":[{"id":198,"href":"http:\/\/www.kzrc.cz\/index.php\/wp-json\/wp\/v2\/pages\/25\/revisions\/198"}],"wp:attachment":[{"href":"http:\/\/www.kzrc.cz\/index.php\/wp-json\/wp\/v2\/media?parent=25"}],"curies":[{"name":"wp","href":"https:\/\/api.w.org\/{rel}","templated":true}]}}