{"id":29,"date":"2019-02-19T08:47:21","date_gmt":"2019-02-19T08:47:21","guid":{"rendered":"http:\/\/www.kzrc.cz\/?page_id=29"},"modified":"2021-04-07T10:35:13","modified_gmt":"2021-04-07T10:35:13","slug":"kontakt","status":"publish","type":"page","link":"http:\/\/www.kzrc.cz\/index.php\/kontakt\/","title":{"rendered":"Kontakt"},"content":{"rendered":"\n<p><strong>V\u00e1clav \u0160m\u00edd<\/strong><\/p>\n\n\n\n<p><strong>P\u0148ovice 1<\/strong><\/p>\n\n\n\n<p><strong>Ro\u017emit\u00e1l pod T\u0159em\u0161\u00ednem <\/strong><\/p>\n\n\n\n<p><strong>26242<\/strong><\/p>\n\n\n\n<p><strong>I\u010cO:71479171<\/strong><\/p>\n\n\n\n<p><strong>Fyzick\u00e1 osoba zapsan\u00e1\nv&nbsp;obchodn\u00edm rejst\u0159\u00edku v&nbsp;P\u0159\u00edbrami<\/strong><\/p>\n\n\n\n<p><strong>Tel: 731 411 945<\/strong><\/p>\n\n\n\n<p><strong>Email:  <a href=\"mailto:info@kzrc.cz\">info@kzrc.cz<\/a><\/strong><\/p>\n","protected":false},"excerpt":{"rendered":"<p>V\u00e1clav \u0160m\u00edd P\u0148ovice 1 Ro\u017emit\u00e1l pod T\u0159em\u0161\u00ednem 26242 I\u010cO:71479171 Fyzick\u00e1 osoba zapsan\u00e1 v&nbsp;obchodn\u00edm rejst\u0159\u00edku v&nbsp;P\u0159\u00edbrami Tel: 731 411 945 Email: info@kzrc.cz<\/p>\n","protected":false},"author":1,"featured_media":0,"parent":0,"menu_order":0,"comment_status":"closed","ping_status":"closed","template":"","meta":{"footnotes":""},"class_list":["post-29","page","type-page","status-publish","hentry"],"_links":{"self":[{"href":"http:\/\/www.kzrc.cz\/index.php\/wp-json\/wp\/v2\/pages\/29","targetHints":{"allow":["GET"]}}],"collection":[{"href":"http:\/\/www.kzrc.cz\/index.php\/wp-json\/wp\/v2\/pages"}],"about":[{"href":"http:\/\/www.kzrc.cz\/index.php\/wp-json\/wp\/v2\/types\/page"}],"author":[{"embeddable":true,"href":"http:\/\/www.kzrc.cz\/index.php\/wp-json\/wp\/v2\/users\/1"}],"replies":[{"embeddable":true,"href":"http:\/\/www.kzrc.cz\/index.php\/wp-json\/wp\/v2\/comments?post=29"}],"version-history":[{"count":5,"href":"http:\/\/www.kzrc.cz\/index.php\/wp-json\/wp\/v2\/pages\/29\/revisions"}],"predecessor-version":[{"id":202,"href":"http:\/\/www.kzrc.cz\/index.php\/wp-json\/wp\/v2\/pages\/29\/revisions\/202"}],"wp:attachment":[{"href":"http:\/\/www.kzrc.cz\/index.php\/wp-json\/wp\/v2\/media?parent=29"}],"curies":[{"name":"wp","href":"https:\/\/api.w.org\/{rel}","templated":true}]}}